{"id":1287,"date":"2023-02-20T19:29:23","date_gmt":"2023-02-20T19:29:23","guid":{"rendered":"https:\/\/costantinoviajes.com\/?page_id=1287"},"modified":"2024-11-20T17:34:46","modified_gmt":"2024-11-20T17:34:46","slug":"costa-amalfitana-y-sicilia","status":"publish","type":"page","link":"https:\/\/costantinoviajes.com\/?page_id=1287","title":{"rendered":"todoelsurdeitlaia"},"content":{"rendered":"\t\t<div data-elementor-type=\"wp-page\" data-elementor-id=\"1287\" class=\"elementor elementor-1287\">\n\t\t\t\t\t\t<section class=\"elementor-section elementor-inner-section elementor-element elementor-element-7825df8f elementor-section-full_width elementor-section-height-default elementor-section-height-default\" data-id=\"7825df8f\" data-element_type=\"section\" data-settings=\"{&quot;background_background&quot;:&quot;classic&quot;}\">\n\t\t\t\t\t\t<div class=\"elementor-container elementor-column-gap-default\">\n\t\t\t\t\t<div class=\"elementor-column elementor-col-33 elementor-inner-column elementor-element elementor-element-633426e\" data-id=\"633426e\" data-element_type=\"column\">\n\t\t\t<div class=\"elementor-widget-wrap\">\n\t\t\t\t\t\t\t<\/div>\n\t\t<\/div>\n\t\t\t\t<div class=\"elementor-column elementor-col-33 elementor-inner-column elementor-element elementor-element-7627b295\" data-id=\"7627b295\" data-element_type=\"column\" data-settings=\"{&quot;background_background&quot;:&quot;classic&quot;}\">\n\t\t\t<div class=\"elementor-widget-wrap elementor-element-populated\">\n\t\t\t\t\t<div class=\"elementor-background-overlay\"><\/div>\n\t\t\t\t\t\t<div class=\"elementor-element elementor-element-9cce781 elementor-widget elementor-widget-heading\" data-id=\"9cce781\" data-element_type=\"widget\" data-widget_type=\"heading.default\">\n\t\t\t\t<div class=\"elementor-widget-container\">\n\t\t\t<h2 class=\"elementor-heading-title elementor-size-default\"><br><br><br><br> <br> Todo  el Sur de Italia <br><\/h2>\t\t<\/div>\n\t\t\t\t<\/div>\n\t\t\t\t<div class=\"elementor-element elementor-element-7cdbe37a elementor-widget elementor-widget-heading\" data-id=\"7cdbe37a\" data-element_type=\"widget\" data-widget_type=\"heading.default\">\n\t\t\t\t<div class=\"elementor-widget-container\">\n\t\t\t<h2 class=\"elementor-heading-title elementor-size-default\"><br> <br><br> Italia es un cl\u00e1sico. Y el Sur encierra historias y recuerdos de todo tipo. Cultura, gastronom\u00eda, su gente y tantas otras cosas m\u00e1s hacen que el Sur sea una regi\u00f3n \u00fanica.\nCon nuestros tours podes conocer: Costa Amalfitana, Puglia, Calabria y Sicilia. Son realmente imperdibles!!!<\/h2>\t\t<\/div>\n\t\t\t\t<\/div>\n\t\t\t\t<div class=\"elementor-element elementor-element-111a5197 elementor-widget elementor-widget-button\" data-id=\"111a5197\" data-element_type=\"widget\" data-widget_type=\"button.default\">\n\t\t\t\t<div class=\"elementor-widget-container\">\n\t\t\t\t\t\t\t<div class=\"elementor-button-wrapper\">\n\t\t\t\t\t<a class=\"elementor-button elementor-button-link elementor-size-sm\" href=\"https:\/\/costantinoviajes.com\/?page_id=942\">\n\t\t\t\t\t\t<span class=\"elementor-button-content-wrapper\">\n\t\t\t\t\t\t\t\t\t<span class=\"elementor-button-text\">Conoce m\u00e1s aqu\u00ed<\/span>\n\t\t\t\t\t<\/span>\n\t\t\t\t\t<\/a>\n\t\t\t\t<\/div>\n\t\t\t\t\t\t<\/div>\n\t\t\t\t<\/div>\n\t\t\t\t<div class=\"elementor-element elementor-element-632f3fd0 elementor-widget elementor-widget-spacer\" data-id=\"632f3fd0\" data-element_type=\"widget\" data-widget_type=\"spacer.default\">\n\t\t\t\t<div class=\"elementor-widget-container\">\n\t\t\t\t\t<div class=\"elementor-spacer\">\n\t\t\t<div class=\"elementor-spacer-inner\"><\/div>\n\t\t<\/div>\n\t\t\t\t<\/div>\n\t\t\t\t<\/div>\n\t\t\t\t\t<\/div>\n\t\t<\/div>\n\t\t\t\t<div class=\"elementor-column elementor-col-33 elementor-inner-column elementor-element elementor-element-75bcbfb\" data-id=\"75bcbfb\" data-element_type=\"column\">\n\t\t\t<div class=\"elementor-widget-wrap\">\n\t\t\t\t\t\t\t<\/div>\n\t\t<\/div>\n\t\t\t\t\t<\/div>\n\t\t<\/section>\n\t\t\t\t<\/div>\n\t\t","protected":false},"excerpt":{"rendered":"<p>Todo el Sur de Italia Italia es un cl\u00e1sico. Y el Sur encierra historias y recuerdos de todo tipo. Cultura, gastronom\u00eda, su gente y tantas otras cosas m\u00e1s hacen que el Sur sea una regi\u00f3n \u00fanica. Con nuestros tours podes conocer: Costa Amalfitana, Puglia, Calabria y Sicilia. Son realmente imperdibles!!! Conoce m\u00e1s aqu\u00ed<\/p>\n","protected":false},"author":1,"featured_media":0,"parent":0,"menu_order":0,"comment_status":"closed","ping_status":"closed","template":"elementor_header_footer","meta":{"footnotes":""},"_links":{"self":[{"href":"https:\/\/costantinoviajes.com\/index.php?rest_route=\/wp\/v2\/pages\/1287"}],"collection":[{"href":"https:\/\/costantinoviajes.com\/index.php?rest_route=\/wp\/v2\/pages"}],"about":[{"href":"https:\/\/costantinoviajes.com\/index.php?rest_route=\/wp\/v2\/types\/page"}],"author":[{"embeddable":true,"href":"https:\/\/costantinoviajes.com\/index.php?rest_route=\/wp\/v2\/users\/1"}],"replies":[{"embeddable":true,"href":"https:\/\/costantinoviajes.com\/index.php?rest_route=%2Fwp%2Fv2%2Fcomments&post=1287"}],"version-history":[{"count":57,"href":"https:\/\/costantinoviajes.com\/index.php?rest_route=\/wp\/v2\/pages\/1287\/revisions"}],"predecessor-version":[{"id":2354,"href":"https:\/\/costantinoviajes.com\/index.php?rest_route=\/wp\/v2\/pages\/1287\/revisions\/2354"}],"wp:attachment":[{"href":"https:\/\/costantinoviajes.com\/index.php?rest_route=%2Fwp%2Fv2%2Fmedia&parent=1287"}],"curies":[{"name":"wp","href":"https:\/\/api.w.org\/{rel}","templated":true}]}}