{"id":1520,"date":"2023-10-30T19:23:04","date_gmt":"2023-10-30T19:23:04","guid":{"rendered":"https:\/\/costantinoviajes.com\/?page_id=1520"},"modified":"2023-10-31T22:02:58","modified_gmt":"2023-10-31T22:02:58","slug":"pagina9","status":"publish","type":"page","link":"https:\/\/costantinoviajes.com\/?page_id=1520","title":{"rendered":"argentina"},"content":{"rendered":"\t\t<div data-elementor-type=\"wp-page\" data-elementor-id=\"1520\" class=\"elementor elementor-1520\">\n\t\t\t\t\t\t<section class=\"elementor-section elementor-top-section elementor-element elementor-element-7991cb05 elementor-section-full_width elementor-section-height-default elementor-section-height-default\" data-id=\"7991cb05\" data-element_type=\"section\" data-settings=\"{&quot;background_background&quot;:&quot;classic&quot;}\">\n\t\t\t\t\t\t<div class=\"elementor-container elementor-column-gap-default\">\n\t\t\t\t\t<div class=\"elementor-column elementor-col-100 elementor-top-column elementor-element elementor-element-605e890d\" data-id=\"605e890d\" data-element_type=\"column\">\n\t\t\t<div class=\"elementor-widget-wrap elementor-element-populated\">\n\t\t\t\t\t\t<section class=\"elementor-section elementor-inner-section elementor-element elementor-element-58bcb443 elementor-section-boxed elementor-section-height-default elementor-section-height-default\" data-id=\"58bcb443\" data-element_type=\"section\">\n\t\t\t\t\t\t<div class=\"elementor-container elementor-column-gap-default\">\n\t\t\t\t\t<div class=\"elementor-column elementor-col-33 elementor-inner-column elementor-element elementor-element-14f2510b\" data-id=\"14f2510b\" data-element_type=\"column\">\n\t\t\t<div class=\"elementor-widget-wrap\">\n\t\t\t\t\t\t\t<\/div>\n\t\t<\/div>\n\t\t\t\t<div class=\"elementor-column elementor-col-33 elementor-inner-column elementor-element elementor-element-5b9b9084\" data-id=\"5b9b9084\" data-element_type=\"column\" data-settings=\"{&quot;background_background&quot;:&quot;classic&quot;}\">\n\t\t\t<div class=\"elementor-widget-wrap elementor-element-populated\">\n\t\t\t\t\t<div class=\"elementor-background-overlay\"><\/div>\n\t\t\t\t\t\t<div class=\"elementor-element elementor-element-d276423 elementor-widget elementor-widget-heading\" data-id=\"d276423\" data-element_type=\"widget\" data-widget_type=\"heading.default\">\n\t\t\t\t<div class=\"elementor-widget-container\">\n\t\t\t<h2 class=\"elementor-heading-title elementor-size-default\"><br><br>Argentina<br><\/h2>\t\t<\/div>\n\t\t\t\t<\/div>\n\t\t\t\t<div class=\"elementor-element elementor-element-3ccbc7fb elementor-widget elementor-widget-heading\" data-id=\"3ccbc7fb\" data-element_type=\"widget\" data-widget_type=\"heading.default\">\n\t\t\t\t<div class=\"elementor-widget-container\">\n\t\t\t<h2 class=\"elementor-heading-title elementor-size-default\"><br>Argentina ofrece una amplia y variada cantidad de paisajes diversos. Nuestra experiencia nos da la posibilidad de seleccionar los destinos m\u00e1s atractivos y cl\u00e1sicos de nuestro pa\u00eds. Te proponemos que nos cuentes cu\u00e1l es tu elecci\u00f3n y nosotros nos encargamos de proponerte las mejores opciones para tu conveniencia.<br><br><br><\/h2>\t\t<\/div>\n\t\t\t\t<\/div>\n\t\t\t\t<div class=\"elementor-element elementor-element-72711057 elementor-widget elementor-widget-button\" data-id=\"72711057\" data-element_type=\"widget\" data-widget_type=\"button.default\">\n\t\t\t\t<div class=\"elementor-widget-container\">\n\t\t\t\t\t\t\t<div class=\"elementor-button-wrapper\">\n\t\t\t\t\t<a class=\"elementor-button elementor-button-link elementor-size-sm\" href=\"https:\/\/costantinoviajes.com\/?page_id=1749\">\n\t\t\t\t\t\t<span class=\"elementor-button-content-wrapper\">\n\t\t\t\t\t\t\t\t\t<span class=\"elementor-button-text\">Conoce m\u00e1s aqu\u00ed<\/span>\n\t\t\t\t\t<\/span>\n\t\t\t\t\t<\/a>\n\t\t\t\t<\/div>\n\t\t\t\t\t\t<\/div>\n\t\t\t\t<\/div>\n\t\t\t\t<div class=\"elementor-element elementor-element-77f20f0a elementor-widget elementor-widget-spacer\" data-id=\"77f20f0a\" data-element_type=\"widget\" data-widget_type=\"spacer.default\">\n\t\t\t\t<div class=\"elementor-widget-container\">\n\t\t\t\t\t<div class=\"elementor-spacer\">\n\t\t\t<div class=\"elementor-spacer-inner\"><\/div>\n\t\t<\/div>\n\t\t\t\t<\/div>\n\t\t\t\t<\/div>\n\t\t\t\t\t<\/div>\n\t\t<\/div>\n\t\t\t\t<div class=\"elementor-column elementor-col-33 elementor-inner-column elementor-element elementor-element-d1da88e\" data-id=\"d1da88e\" data-element_type=\"column\">\n\t\t\t<div class=\"elementor-widget-wrap\">\n\t\t\t\t\t\t\t<\/div>\n\t\t<\/div>\n\t\t\t\t\t<\/div>\n\t\t<\/section>\n\t\t\t\t\t<\/div>\n\t\t<\/div>\n\t\t\t\t\t<\/div>\n\t\t<\/section>\n\t\t\t\t<\/div>\n\t\t","protected":false},"excerpt":{"rendered":"<p>Argentina Argentina ofrece una amplia y variada cantidad de paisajes diversos. Nuestra experiencia nos da la posibilidad de seleccionar los destinos m\u00e1s atractivos y cl\u00e1sicos de nuestro pa\u00eds. Te proponemos que nos cuentes cu\u00e1l es tu elecci\u00f3n y nosotros nos encargamos de proponerte las mejores opciones para tu conveniencia. Conoce m\u00e1s aqu\u00ed<\/p>\n","protected":false},"author":1,"featured_media":0,"parent":0,"menu_order":0,"comment_status":"closed","ping_status":"closed","template":"elementor_header_footer","meta":{"footnotes":""},"_links":{"self":[{"href":"https:\/\/costantinoviajes.com\/index.php?rest_route=\/wp\/v2\/pages\/1520"}],"collection":[{"href":"https:\/\/costantinoviajes.com\/index.php?rest_route=\/wp\/v2\/pages"}],"about":[{"href":"https:\/\/costantinoviajes.com\/index.php?rest_route=\/wp\/v2\/types\/page"}],"author":[{"embeddable":true,"href":"https:\/\/costantinoviajes.com\/index.php?rest_route=\/wp\/v2\/users\/1"}],"replies":[{"embeddable":true,"href":"https:\/\/costantinoviajes.com\/index.php?rest_route=%2Fwp%2Fv2%2Fcomments&post=1520"}],"version-history":[{"count":21,"href":"https:\/\/costantinoviajes.com\/index.php?rest_route=\/wp\/v2\/pages\/1520\/revisions"}],"predecessor-version":[{"id":2001,"href":"https:\/\/costantinoviajes.com\/index.php?rest_route=\/wp\/v2\/pages\/1520\/revisions\/2001"}],"wp:attachment":[{"href":"https:\/\/costantinoviajes.com\/index.php?rest_route=%2Fwp%2Fv2%2Fmedia&parent=1520"}],"curies":[{"name":"wp","href":"https:\/\/api.w.org\/{rel}","templated":true}]}}