{"id":1528,"date":"2023-10-30T19:24:05","date_gmt":"2023-10-30T19:24:05","guid":{"rendered":"https:\/\/costantinoviajes.com\/?page_id=1528"},"modified":"2023-10-31T23:19:33","modified_gmt":"2023-10-31T23:19:33","slug":"pagina12","status":"publish","type":"page","link":"https:\/\/costantinoviajes.com\/?page_id=1528","title":{"rendered":"nosotros"},"content":{"rendered":"\t\t<div data-elementor-type=\"wp-page\" data-elementor-id=\"1528\" class=\"elementor elementor-1528\">\n\t\t\t\t\t\t<section class=\"elementor-section elementor-top-section elementor-element elementor-element-ef5420c elementor-section-full_width elementor-section-height-default elementor-section-height-default\" data-id=\"ef5420c\" data-element_type=\"section\" data-settings=\"{&quot;background_background&quot;:&quot;classic&quot;}\">\n\t\t\t\t\t\t<div class=\"elementor-container elementor-column-gap-default\">\n\t\t\t\t\t<div class=\"elementor-column elementor-col-100 elementor-top-column elementor-element elementor-element-d3b81f7\" data-id=\"d3b81f7\" data-element_type=\"column\">\n\t\t\t<div class=\"elementor-widget-wrap elementor-element-populated\">\n\t\t\t\t\t\t<section class=\"elementor-section elementor-inner-section elementor-element elementor-element-2b7f87d0 elementor-section-boxed elementor-section-height-default elementor-section-height-default\" data-id=\"2b7f87d0\" data-element_type=\"section\">\n\t\t\t\t\t\t<div class=\"elementor-container elementor-column-gap-default\">\n\t\t\t\t\t<div class=\"elementor-column elementor-col-33 elementor-inner-column elementor-element elementor-element-565ff5ea\" data-id=\"565ff5ea\" data-element_type=\"column\">\n\t\t\t<div class=\"elementor-widget-wrap\">\n\t\t\t\t\t\t\t<\/div>\n\t\t<\/div>\n\t\t\t\t<div class=\"elementor-column elementor-col-33 elementor-inner-column elementor-element elementor-element-252104e5\" data-id=\"252104e5\" data-element_type=\"column\" data-settings=\"{&quot;background_background&quot;:&quot;classic&quot;}\">\n\t\t\t<div class=\"elementor-widget-wrap elementor-element-populated\">\n\t\t\t\t\t<div class=\"elementor-background-overlay\"><\/div>\n\t\t\t\t\t\t<div class=\"elementor-element elementor-element-18a0fbf6 elementor-widget elementor-widget-heading\" data-id=\"18a0fbf6\" data-element_type=\"widget\" data-widget_type=\"heading.default\">\n\t\t\t\t<div class=\"elementor-widget-container\">\n\t\t\t<h2 class=\"elementor-heading-title elementor-size-default\"><br><br>Nosotros<br><br><\/h2>\t\t<\/div>\n\t\t\t\t<\/div>\n\t\t\t\t<div class=\"elementor-element elementor-element-26805a6c elementor-widget elementor-widget-heading\" data-id=\"26805a6c\" data-element_type=\"widget\" data-widget_type=\"heading.default\">\n\t\t\t\t<div class=\"elementor-widget-container\">\n\t\t\t<h2 class=\"elementor-heading-title elementor-size-default\">Somos una agencia de viajes y turismo con m\u00e1s de 30 a\u00f1os de experiencia y trayectoria. Desde el primer momento nuestro objetivo fue brindar al pasajero un servicio de excelencia con las opciones m\u00e1s convenientes para su viaje junto con una atenci\u00f3n personalizada. <br>Dise\u00f1amos y planificamos programas exclusivos en diferentes destinos. Nuestra capacidad de trabajo nos permites ofrecer las mejores variantes en vuelos, hoteler\u00eda, traslados y los diferentes servicios tur\u00edsticos.\nGracias por visitarnos.<br><br><br><br><\/h2>\t\t<\/div>\n\t\t\t\t<\/div>\n\t\t\t\t<div class=\"elementor-element elementor-element-317cd509 elementor-widget elementor-widget-button\" data-id=\"317cd509\" data-element_type=\"widget\" data-widget_type=\"button.default\">\n\t\t\t\t<div class=\"elementor-widget-container\">\n\t\t\t\t\t\t\t<div class=\"elementor-button-wrapper\">\n\t\t\t\t\t<a class=\"elementor-button elementor-button-link elementor-size-sm\" href=\"https:\/\/costantinoviajes.com\/?page_id=1530\">\n\t\t\t\t\t\t<span class=\"elementor-button-content-wrapper\">\n\t\t\t\t\t\t\t\t\t<span class=\"elementor-button-text\">Conoce m\u00e1s aqu\u00ed<\/span>\n\t\t\t\t\t<\/span>\n\t\t\t\t\t<\/a>\n\t\t\t\t<\/div>\n\t\t\t\t\t\t<\/div>\n\t\t\t\t<\/div>\n\t\t\t\t<div class=\"elementor-element elementor-element-f88387a elementor-widget elementor-widget-spacer\" data-id=\"f88387a\" data-element_type=\"widget\" data-widget_type=\"spacer.default\">\n\t\t\t\t<div class=\"elementor-widget-container\">\n\t\t\t\t\t<div class=\"elementor-spacer\">\n\t\t\t<div class=\"elementor-spacer-inner\"><\/div>\n\t\t<\/div>\n\t\t\t\t<\/div>\n\t\t\t\t<\/div>\n\t\t\t\t\t<\/div>\n\t\t<\/div>\n\t\t\t\t<div class=\"elementor-column elementor-col-33 elementor-inner-column elementor-element elementor-element-61a3e8a7\" data-id=\"61a3e8a7\" data-element_type=\"column\">\n\t\t\t<div class=\"elementor-widget-wrap\">\n\t\t\t\t\t\t\t<\/div>\n\t\t<\/div>\n\t\t\t\t\t<\/div>\n\t\t<\/section>\n\t\t\t\t\t<\/div>\n\t\t<\/div>\n\t\t\t\t\t<\/div>\n\t\t<\/section>\n\t\t\t\t<\/div>\n\t\t","protected":false},"excerpt":{"rendered":"<p>Nosotros Somos una agencia de viajes y turismo con m\u00e1s de 30 a\u00f1os de experiencia y trayectoria. Desde el primer momento nuestro objetivo fue brindar al pasajero un servicio de excelencia con las opciones m\u00e1s convenientes para su viaje junto con una atenci\u00f3n personalizada. Dise\u00f1amos y planificamos programas exclusivos en diferentes destinos. Nuestra capacidad de [&hellip;]<\/p>\n","protected":false},"author":1,"featured_media":0,"parent":0,"menu_order":0,"comment_status":"closed","ping_status":"closed","template":"elementor_header_footer","meta":{"footnotes":""},"_links":{"self":[{"href":"https:\/\/costantinoviajes.com\/index.php?rest_route=\/wp\/v2\/pages\/1528"}],"collection":[{"href":"https:\/\/costantinoviajes.com\/index.php?rest_route=\/wp\/v2\/pages"}],"about":[{"href":"https:\/\/costantinoviajes.com\/index.php?rest_route=\/wp\/v2\/types\/page"}],"author":[{"embeddable":true,"href":"https:\/\/costantinoviajes.com\/index.php?rest_route=\/wp\/v2\/users\/1"}],"replies":[{"embeddable":true,"href":"https:\/\/costantinoviajes.com\/index.php?rest_route=%2Fwp%2Fv2%2Fcomments&post=1528"}],"version-history":[{"count":12,"href":"https:\/\/costantinoviajes.com\/index.php?rest_route=\/wp\/v2\/pages\/1528\/revisions"}],"predecessor-version":[{"id":2026,"href":"https:\/\/costantinoviajes.com\/index.php?rest_route=\/wp\/v2\/pages\/1528\/revisions\/2026"}],"wp:attachment":[{"href":"https:\/\/costantinoviajes.com\/index.php?rest_route=%2Fwp%2Fv2%2Fmedia&parent=1528"}],"curies":[{"name":"wp","href":"https:\/\/api.w.org\/{rel}","templated":true}]}}