{"id":2437,"date":"2025-06-04T20:15:18","date_gmt":"2025-06-04T20:15:18","guid":{"rendered":"https:\/\/costantinoviajes.com\/?page_id=2437"},"modified":"2025-06-12T15:25:44","modified_gmt":"2025-06-12T15:25:44","slug":"trabaja-con-nosotros","status":"publish","type":"page","link":"https:\/\/costantinoviajes.com\/?page_id=2437","title":{"rendered":"Trabaja con nosotros"},"content":{"rendered":"\t\t<div data-elementor-type=\"wp-page\" data-elementor-id=\"2437\" class=\"elementor elementor-2437\">\n\t\t\t\t\t\t<section class=\"elementor-section elementor-top-section elementor-element elementor-element-4f9d3d7e envato-kit-141-top-0 elementor-section-boxed elementor-section-height-default elementor-section-height-default\" data-id=\"4f9d3d7e\" data-element_type=\"section\" data-settings=\"{&quot;background_background&quot;:&quot;classic&quot;}\">\n\t\t\t\t\t\t\t<div class=\"elementor-background-overlay\"><\/div>\n\t\t\t\t\t\t\t<div class=\"elementor-container elementor-column-gap-wider\">\n\t\t\t\t\t<div class=\"elementor-column elementor-col-50 elementor-top-column elementor-element elementor-element-2128ea85\" data-id=\"2128ea85\" data-element_type=\"column\">\n\t\t\t<div class=\"elementor-widget-wrap\">\n\t\t\t\t\t\t\t<\/div>\n\t\t<\/div>\n\t\t\t\t<div class=\"elementor-column elementor-col-50 elementor-top-column elementor-element elementor-element-4cd67f33\" data-id=\"4cd67f33\" data-element_type=\"column\">\n\t\t\t<div class=\"elementor-widget-wrap elementor-element-populated\">\n\t\t\t\t\t\t<div class=\"elementor-element elementor-element-19bf80c2 elementor-invisible elementor-widget elementor-widget-heading\" data-id=\"19bf80c2\" data-element_type=\"widget\" data-settings=\"{&quot;_animation&quot;:&quot;fadeIn&quot;,&quot;_animation_delay&quot;:100}\" data-widget_type=\"heading.default\">\n\t\t\t\t<div class=\"elementor-widget-container\">\n\t\t\t<h2 class=\"elementor-heading-title elementor-size-default\">Trabaja con nosotros<\/h2>\t\t<\/div>\n\t\t\t\t<\/div>\n\t\t\t\t<section class=\"elementor-section elementor-inner-section elementor-element elementor-element-10cabd9c elementor-section-content-middle elementor-section-boxed elementor-section-height-default elementor-section-height-default elementor-invisible\" data-id=\"10cabd9c\" data-element_type=\"section\" data-settings=\"{&quot;animation&quot;:&quot;fadeIn&quot;,&quot;animation_delay&quot;:150}\">\n\t\t\t\t\t\t<div class=\"elementor-container elementor-column-gap-no\">\n\t\t\t\t\t<div class=\"elementor-column elementor-col-33 elementor-inner-column elementor-element elementor-element-74866485\" data-id=\"74866485\" data-element_type=\"column\">\n\t\t\t<div class=\"elementor-widget-wrap elementor-element-populated\">\n\t\t\t\t\t\t\t<\/div>\n\t\t<\/div>\n\t\t\t\t<div class=\"elementor-column elementor-col-33 elementor-inner-column elementor-element elementor-element-27910aa9\" data-id=\"27910aa9\" data-element_type=\"column\">\n\t\t\t<div class=\"elementor-widget-wrap elementor-element-populated\">\n\t\t\t\t\t\t\t<\/div>\n\t\t<\/div>\n\t\t\t\t<div class=\"elementor-column elementor-col-33 elementor-inner-column elementor-element elementor-element-65505ed8\" data-id=\"65505ed8\" data-element_type=\"column\">\n\t\t\t<div class=\"elementor-widget-wrap elementor-element-populated\">\n\t\t\t\t\t\t<div class=\"elementor-element elementor-element-3d975596 elementor-widget elementor-widget-heading\" data-id=\"3d975596\" data-element_type=\"widget\" data-widget_type=\"heading.default\">\n\t\t\t\t<div class=\"elementor-widget-container\">\n\t\t\t<h2 class=\"elementor-heading-title elementor-size-default\"><i class=\"fa fa-star\"><\/i><i class=\"fa fa-star\"><\/i><i class=\"fa fa-star\"><\/i><i class=\"fa fa-star\"><\/i><i class=\"fa fa-star-o\"><\/i><\/h2>\t\t<\/div>\n\t\t\t\t<\/div>\n\t\t\t\t\t<\/div>\n\t\t<\/div>\n\t\t\t\t\t<\/div>\n\t\t<\/section>\n\t\t\t\t<div class=\"elementor-element elementor-element-6363f6cf elementor-invisible elementor-widget elementor-widget-text-editor\" data-id=\"6363f6cf\" data-element_type=\"widget\" data-settings=\"{&quot;_animation&quot;:&quot;fadeIn&quot;,&quot;_animation_delay&quot;:200}\" data-widget_type=\"text-editor.default\">\n\t\t\t\t<div class=\"elementor-widget-container\">\n\t\t\t\t\t\t\t<p>\u00danete a Nuestro Equipo de Viajes!<\/p><p>\u00bfEres un apasionado de los viajes y deseas trabajar de manera independiente con una agencia de viajes l\u00edder en el mercado? \u00a1Entonces esta es tu oportunidad!<\/p>\t\t\t\t\t\t<\/div>\n\t\t\t\t<\/div>\n\t\t\t\t<div class=\"elementor-element elementor-element-5b385fe0 elementor-widget-divider--view-line elementor-invisible elementor-widget elementor-widget-divider\" data-id=\"5b385fe0\" data-element_type=\"widget\" data-settings=\"{&quot;_animation&quot;:&quot;fadeIn&quot;,&quot;_animation_delay&quot;:250}\" data-widget_type=\"divider.default\">\n\t\t\t\t<div class=\"elementor-widget-container\">\n\t\t\t\t\t<div class=\"elementor-divider\">\n\t\t\t<span class=\"elementor-divider-separator\">\n\t\t\t\t\t\t<\/span>\n\t\t<\/div>\n\t\t\t\t<\/div>\n\t\t\t\t<\/div>\n\t\t\t\t<div class=\"elementor-element elementor-element-3363d8db elementor-invisible elementor-widget elementor-widget-text-editor\" data-id=\"3363d8db\" data-element_type=\"widget\" data-settings=\"{&quot;_animation&quot;:&quot;fadeIn&quot;,&quot;_animation_delay&quot;:300}\" data-widget_type=\"text-editor.default\">\n\t\t\t\t<div class=\"elementor-widget-container\">\n\t\t\t\t\t\t\t<h4><span style=\"color: inherit; font-family: inherit; font-size: 1.25rem;\">Trabaja con Nosotros<\/span><\/h4><h5>En nuestra agencia de viajes, valoramos la independencia y la creatividad de nuestros colaboradores. Queremos que te unas a nuestro equipo y trabajes con nosotros de manera independiente, utilizando tu cartera de clientes y creando experiencias de viaje \u00fanicas y personalizadas.<\/h5><h5>Beneficios de Trabajar con Nosotros<\/h5><h5>&#8211; Mejores Condiciones de Mercado: Ofrecemos las mejores condiciones de mercado para que puedas armar los viajes perfectos para tus clientes.<br \/>&#8211; Libertad y Flexibilidad: Trabaja de manera independiente y gestiona tus propios clientes y proyectos.<br \/>&#8211; Apoyo y Recursos: Tenemos un equipo de expertos en viajes que est\u00e1n dispuestos a ayudarte en todo lo que necesites.<br \/>&#8211; Comisiones Atractivas: Gana comisiones atractivas por cada viaje que vendas a trav\u00e9s de nuestra plataforma.<\/h5><h5>\u00bfQu\u00e9 Ofrecemos?<\/h5><h5>&#8211; Acceso a una Plataforma de Viajes Completa: Utiliza nuestra plataforma de viajes para buscar y reservar vuelos, hoteles y paquetes de viaje.<br \/>&#8211; Capacitaci\u00f3n y Soporte: Recibe capacitaci\u00f3n y soporte constante para que puedas ofrecer los mejores servicios a tus clientes.<br \/>&#8211; Herramientas de Marketing: Utiliza nuestras herramientas de marketing para promocionar tus servicios y atraer a nuevos clientes.<\/h5><h5>\u00bfQu\u00e9 Buscamos?<\/h5><h5>&#8211; Experiencia en la Industria de los Viajes: Buscamos personas con experiencia en la industria de los viajes y una cartera de clientes establecida.<br \/>&#8211; Pasi\u00f3n por los Viajes: Queremos trabajar con personas que compartan nuestra pasi\u00f3n por los viajes y la hospitalidad.<br \/>&#8211; Habilidades de Comunicaci\u00f3n: Necesitamos personas con excelentes habilidades de comunicaci\u00f3n y atenci\u00f3n al cliente.<\/h5><h5>\u00a1\u00danete a Nuestro Equipo!<\/h5><h5>Si est\u00e1s listo para trabajar de manera independiente y crear experiencias de viaje \u00fanicas para tus clientes, \u00a1no dudes en unirte a nuestro equipo! Haz clic en el bot\u00f3n de abajo para obtener m\u00e1s informaci\u00f3n y registrar tu inter\u00e9s.<\/h5><h5>\u00a0<\/h5><h5>Estamos emocionados de tenerte en nuestro equipo y trabajar juntos para crear experiencias de viaje inolvidables. \u00a1No te pierdas esta oportunidad!<\/h5>\t\t\t\t\t\t<\/div>\n\t\t\t\t<\/div>\n\t\t\t\t<section class=\"elementor-section elementor-inner-section elementor-element elementor-element-7d250672 elementor-section-content-middle envato-kit-141-bottom-0 elementor-section-boxed elementor-section-height-default elementor-section-height-default elementor-invisible\" data-id=\"7d250672\" data-element_type=\"section\" data-settings=\"{&quot;background_background&quot;:&quot;classic&quot;,&quot;animation&quot;:&quot;fadeInDown&quot;,&quot;animation_delay&quot;:100}\">\n\t\t\t\t\t\t<div class=\"elementor-container elementor-column-gap-no\">\n\t\t\t\t\t<div class=\"elementor-column elementor-col-50 elementor-inner-column elementor-element elementor-element-7c5b9998\" data-id=\"7c5b9998\" data-element_type=\"column\">\n\t\t\t<div class=\"elementor-widget-wrap elementor-element-populated\">\n\t\t\t\t\t\t<div class=\"elementor-element elementor-element-5460656c elementor-mobile-align-center elementor-widget elementor-widget-button\" data-id=\"5460656c\" data-element_type=\"widget\" data-widget_type=\"button.default\">\n\t\t\t\t<div class=\"elementor-widget-container\">\n\t\t\t\t\t\t\t<div class=\"elementor-button-wrapper\">\n\t\t\t\t\t<a class=\"elementor-button elementor-button-link elementor-size-sm\" href=\"https:\/\/wa.me\/5491144406284\">\n\t\t\t\t\t\t<span class=\"elementor-button-content-wrapper\">\n\t\t\t\t\t\t<span class=\"elementor-button-icon\">\n\t\t\t\t<i aria-hidden=\"true\" class=\"icon icon-contact\"><\/i>\t\t\t<\/span>\n\t\t\t\t\t\t\t\t\t<span class=\"elementor-button-text\">+ INFO <\/span>\n\t\t\t\t\t<\/span>\n\t\t\t\t\t<\/a>\n\t\t\t\t<\/div>\n\t\t\t\t\t\t<\/div>\n\t\t\t\t<\/div>\n\t\t\t\t\t<\/div>\n\t\t<\/div>\n\t\t\t\t<div class=\"elementor-column elementor-col-50 elementor-inner-column elementor-element elementor-element-29f0a025\" data-id=\"29f0a025\" data-element_type=\"column\">\n\t\t\t<div class=\"elementor-widget-wrap\">\n\t\t\t\t\t\t\t<\/div>\n\t\t<\/div>\n\t\t\t\t\t<\/div>\n\t\t<\/section>\n\t\t\t\t\t<\/div>\n\t\t<\/div>\n\t\t\t\t\t<\/div>\n\t\t<\/section>\n\t\t\t\t<\/div>\n\t\t","protected":false},"excerpt":{"rendered":"<p>Trabaja con nosotros \u00danete a Nuestro Equipo de Viajes! \u00bfEres un apasionado de los viajes y deseas trabajar de manera independiente con una agencia de viajes l\u00edder en el mercado? \u00a1Entonces esta es tu oportunidad! Trabaja con Nosotros En nuestra agencia de viajes, valoramos la independencia y la creatividad de nuestros colaboradores. Queremos que te [&hellip;]<\/p>\n","protected":false},"author":1,"featured_media":0,"parent":0,"menu_order":0,"comment_status":"closed","ping_status":"closed","template":"elementor_header_footer","meta":{"footnotes":""},"_links":{"self":[{"href":"https:\/\/costantinoviajes.com\/index.php?rest_route=\/wp\/v2\/pages\/2437"}],"collection":[{"href":"https:\/\/costantinoviajes.com\/index.php?rest_route=\/wp\/v2\/pages"}],"about":[{"href":"https:\/\/costantinoviajes.com\/index.php?rest_route=\/wp\/v2\/types\/page"}],"author":[{"embeddable":true,"href":"https:\/\/costantinoviajes.com\/index.php?rest_route=\/wp\/v2\/users\/1"}],"replies":[{"embeddable":true,"href":"https:\/\/costantinoviajes.com\/index.php?rest_route=%2Fwp%2Fv2%2Fcomments&post=2437"}],"version-history":[{"count":31,"href":"https:\/\/costantinoviajes.com\/index.php?rest_route=\/wp\/v2\/pages\/2437\/revisions"}],"predecessor-version":[{"id":2496,"href":"https:\/\/costantinoviajes.com\/index.php?rest_route=\/wp\/v2\/pages\/2437\/revisions\/2496"}],"wp:attachment":[{"href":"https:\/\/costantinoviajes.com\/index.php?rest_route=%2Fwp%2Fv2%2Fmedia&parent=2437"}],"curies":[{"name":"wp","href":"https:\/\/api.w.org\/{rel}","templated":true}]}}