{"id":820,"date":"2022-07-21T19:07:56","date_gmt":"2022-07-21T19:07:56","guid":{"rendered":"https:\/\/costantinoviajes.com\/?page_id=820"},"modified":"2022-07-24T22:35:41","modified_gmt":"2022-07-24T22:35:41","slug":"cruceros","status":"publish","type":"page","link":"https:\/\/costantinoviajes.com\/?page_id=820","title":{"rendered":"Cruceros"},"content":{"rendered":"\t\t<div data-elementor-type=\"wp-page\" data-elementor-id=\"820\" class=\"elementor elementor-820\">\n\t\t\t\t\t\t<section class=\"elementor-section elementor-top-section elementor-element elementor-element-5829cd4 elementor-section-full_width elementor-section-content-middle elementor-section-height-default elementor-section-height-default\" data-id=\"5829cd4\" data-element_type=\"section\" data-settings=\"{&quot;background_background&quot;:&quot;classic&quot;}\">\n\t\t\t\t\t\t\t<div class=\"elementor-background-overlay\"><\/div>\n\t\t\t\t\t\t\t<div class=\"elementor-container elementor-column-gap-default\">\n\t\t\t\t\t<div class=\"elementor-column elementor-col-50 elementor-top-column elementor-element elementor-element-5e7de93a animated-slow elementor-invisible\" data-id=\"5e7de93a\" data-element_type=\"column\" data-settings=\"{&quot;background_background&quot;:&quot;classic&quot;,&quot;animation&quot;:&quot;bounceInLeft&quot;}\">\n\t\t\t<div class=\"elementor-widget-wrap\">\n\t\t\t\t\t\t\t<\/div>\n\t\t<\/div>\n\t\t\t\t<div class=\"elementor-column elementor-col-50 elementor-top-column elementor-element elementor-element-5fec0ffc\" data-id=\"5fec0ffc\" data-element_type=\"column\" data-settings=\"{&quot;background_background&quot;:&quot;classic&quot;}\">\n\t\t\t<div class=\"elementor-widget-wrap elementor-element-populated\">\n\t\t\t\t\t\t<div class=\"elementor-element elementor-element-2fb114e9 elementor-invisible elementor-widget elementor-widget-heading\" data-id=\"2fb114e9\" data-element_type=\"widget\" data-settings=\"{&quot;_animation&quot;:&quot;slideInUp&quot;}\" data-widget_type=\"heading.default\">\n\t\t\t\t<div class=\"elementor-widget-container\">\n\t\t\t<h1 class=\"elementor-heading-title elementor-size-default\">Cruceros<\/h1>\t\t<\/div>\n\t\t\t\t<\/div>\n\t\t\t\t<div class=\"elementor-element elementor-element-7203450a elementor-widget elementor-widget-text-editor\" data-id=\"7203450a\" data-element_type=\"widget\" data-widget_type=\"text-editor.default\">\n\t\t\t\t<div class=\"elementor-widget-container\">\n\t\t\t\t\t\t\t<p>Los cruceros pueden llevarte a los destinos m\u00e1s populares o peculiares para que experimentes en cada puerto una experiencia inolvidable.<\/p><p>Ya sea que viajes solo o est\u00e9s de vacaciones con toda la familia, podr\u00e1s escoger entre diferentes alojamientos de crucero como camarotes conectados perfectos para grupos, habitaciones rom\u00e1nticas para las parejas que desean relajaci\u00f3n o suites especiales llenas de emoci\u00f3n.<\/p>\t\t\t\t\t\t<\/div>\n\t\t\t\t<\/div>\n\t\t\t\t<section class=\"elementor-section elementor-inner-section elementor-element elementor-element-219e909d elementor-section-boxed elementor-section-height-default elementor-section-height-default\" data-id=\"219e909d\" data-element_type=\"section\">\n\t\t\t\t\t\t<div class=\"elementor-container elementor-column-gap-default\">\n\t\t\t\t\t<div class=\"elementor-column elementor-col-50 elementor-inner-column elementor-element elementor-element-6efe27ab\" data-id=\"6efe27ab\" data-element_type=\"column\">\n\t\t\t<div class=\"elementor-widget-wrap\">\n\t\t\t\t\t\t\t<\/div>\n\t\t<\/div>\n\t\t\t\t<div class=\"elementor-column elementor-col-50 elementor-inner-column elementor-element elementor-element-68659968\" data-id=\"68659968\" data-element_type=\"column\">\n\t\t\t<div class=\"elementor-widget-wrap elementor-element-populated\">\n\t\t\t\t\t\t<div class=\"elementor-element elementor-element-1b8934e1 elementor-align-center elementor-widget elementor-widget-button\" data-id=\"1b8934e1\" data-element_type=\"widget\" data-widget_type=\"button.default\">\n\t\t\t\t<div class=\"elementor-widget-container\">\n\t\t\t\t\t\t\t<div class=\"elementor-button-wrapper\">\n\t\t\t\t\t<a class=\"elementor-button elementor-button-link elementor-size-sm\" href=\"https:\/\/costantinoviajes.com\/?page_id=928\">\n\t\t\t\t\t\t<span class=\"elementor-button-content-wrapper\">\n\t\t\t\t\t\t\t\t\t<span class=\"elementor-button-text\">Consultar<\/span>\n\t\t\t\t\t<\/span>\n\t\t\t\t\t<\/a>\n\t\t\t\t<\/div>\n\t\t\t\t\t\t<\/div>\n\t\t\t\t<\/div>\n\t\t\t\t\t<\/div>\n\t\t<\/div>\n\t\t\t\t\t<\/div>\n\t\t<\/section>\n\t\t\t\t\t<\/div>\n\t\t<\/div>\n\t\t\t\t\t<\/div>\n\t\t<\/section>\n\t\t\t\t<\/div>\n\t\t","protected":false},"excerpt":{"rendered":"<p>Cruceros Los cruceros pueden llevarte a los destinos m\u00e1s populares o peculiares para que experimentes en cada puerto una experiencia inolvidable. Ya sea que viajes solo o est\u00e9s de vacaciones con toda la familia, podr\u00e1s escoger entre diferentes alojamientos de crucero como camarotes conectados perfectos para grupos, habitaciones rom\u00e1nticas para las parejas que desean relajaci\u00f3n [&hellip;]<\/p>\n","protected":false},"author":1,"featured_media":0,"parent":0,"menu_order":0,"comment_status":"closed","ping_status":"closed","template":"elementor_canvas","meta":{"footnotes":""},"_links":{"self":[{"href":"https:\/\/costantinoviajes.com\/index.php?rest_route=\/wp\/v2\/pages\/820"}],"collection":[{"href":"https:\/\/costantinoviajes.com\/index.php?rest_route=\/wp\/v2\/pages"}],"about":[{"href":"https:\/\/costantinoviajes.com\/index.php?rest_route=\/wp\/v2\/types\/page"}],"author":[{"embeddable":true,"href":"https:\/\/costantinoviajes.com\/index.php?rest_route=\/wp\/v2\/users\/1"}],"replies":[{"embeddable":true,"href":"https:\/\/costantinoviajes.com\/index.php?rest_route=%2Fwp%2Fv2%2Fcomments&post=820"}],"version-history":[{"count":11,"href":"https:\/\/costantinoviajes.com\/index.php?rest_route=\/wp\/v2\/pages\/820\/revisions"}],"predecessor-version":[{"id":1143,"href":"https:\/\/costantinoviajes.com\/index.php?rest_route=\/wp\/v2\/pages\/820\/revisions\/1143"}],"wp:attachment":[{"href":"https:\/\/costantinoviajes.com\/index.php?rest_route=%2Fwp%2Fv2%2Fmedia&parent=820"}],"curies":[{"name":"wp","href":"https:\/\/api.w.org\/{rel}","templated":true}]}}